{"id":4194,"date":"2024-09-12T14:32:09","date_gmt":"2024-09-12T14:32:09","guid":{"rendered":"https:\/\/kargrobanden.nl\/datenschutzbestimmungen\/"},"modified":"2024-11-14T10:02:32","modified_gmt":"2024-11-14T10:02:32","slug":"datenschutzbestimmungen","status":"publish","type":"page","link":"https:\/\/kargrobanden.nl\/de\/datenschutzbestimmungen\/","title":{"rendered":"Datenschutzbestimmungen"},"content":{"rendered":"<style>.kb-row-layout-id3_637903-81 > .kt-row-column-wrap{align-content:center;}:where(.kb-row-layout-id3_637903-81 > .kt-row-column-wrap) > .wp-block-kadence-column{justify-content:center;}.kb-row-layout-id3_637903-81 > .kt-row-column-wrap{column-gap:var(--global-kb-gap-md, 2rem);row-gap:var(--global-kb-gap-md, 2rem);max-width:var( --global-content-width, 1290px );padding-left:var(--global-content-edge-padding);padding-right:var(--global-content-edge-padding);padding-top:198px;padding-bottom:160px;min-height:186px;grid-template-columns:minmax(0, calc(50% - ((var(--global-kb-gap-md, 2rem) * 1 )\/2)))minmax(0, calc(50% - ((var(--global-kb-gap-md, 2rem) * 1 )\/2)));}.kb-row-layout-id3_637903-81{background-image:url('https:\/\/kargrobanden.nl\/wp-content\/uploads\/2024\/09\/about-kargro-page-header-image.webp');background-size:cover;background-position:79% 68%;background-attachment:scroll;background-repeat:no-repeat;}.kb-row-layout-id3_637903-81 > .kt-row-layout-overlay{opacity:0.25;}@media all and (max-width: 1024px){.kb-row-layout-id3_637903-81 > .kt-row-column-wrap{padding-top:200px;grid-template-columns:minmax(0, 1fr);}}@media all and (max-width: 767px){.kb-row-layout-id3_637903-81 > .kt-row-column-wrap{padding-top:140px;padding-bottom:140px;grid-template-columns:minmax(0, 1fr);}}<\/style><div class=\"kb-row-layout-wrap kb-row-layout-id3_637903-81 alignfull has-theme-palette9-background-color kt-row-has-bg wp-block-kadence-rowlayout\"><div class=\"kt-row-column-wrap kt-has-2-columns kt-row-layout-equal kt-tab-layout-row kt-mobile-layout-row kt-row-valign-middle kb-theme-content-width\">\n<style>.kadence-column3_f56fca-37 > .kt-inside-inner-col,.kadence-column3_f56fca-37 > .kt-inside-inner-col:before{border-top-left-radius:0px;border-top-right-radius:0px;border-bottom-right-radius:0px;border-bottom-left-radius:0px;}.kadence-column3_f56fca-37 > .kt-inside-inner-col{column-gap:var(--global-kb-gap-sm, 1rem);}.kadence-column3_f56fca-37 > .kt-inside-inner-col{flex-direction:column;}.kadence-column3_f56fca-37 > .kt-inside-inner-col > .aligncenter{width:100%;}.kadence-column3_f56fca-37 > .kt-inside-inner-col:before{opacity:0.3;}.kadence-column3_f56fca-37{position:relative;}@media all and (max-width: 1024px){.kadence-column3_f56fca-37 > .kt-inside-inner-col{flex-direction:column;justify-content:center;}}@media all and (max-width: 767px){.kadence-column3_f56fca-37 > .kt-inside-inner-col{flex-direction:column;justify-content:center;}}<\/style>\n<div class=\"wp-block-kadence-column kadence-column3_f56fca-37 inner-column-1\"><div class=\"kt-inside-inner-col\"><style>.wp-block-kadence-advancedheading.kt-adv-heading3_0f6165-ce, .wp-block-kadence-advancedheading.kt-adv-heading3_0f6165-ce[data-kb-block=\"kb-adv-heading3_0f6165-ce\"]{font-size:var(--global-kb-font-size-xxl, 4rem);line-height:1.2;font-weight:500;font-style:normal;}.wp-block-kadence-advancedheading.kt-adv-heading3_0f6165-ce mark.kt-highlight, .wp-block-kadence-advancedheading.kt-adv-heading3_0f6165-ce[data-kb-block=\"kb-adv-heading3_0f6165-ce\"] mark.kt-highlight{font-style:normal;color:#f76a0c;-webkit-box-decoration-break:clone;box-decoration-break:clone;padding-top:0px;padding-right:0px;padding-bottom:0px;padding-left:0px;}.wp-block-kadence-advancedheading.kt-adv-heading3_0f6165-ce img.kb-inline-image, .wp-block-kadence-advancedheading.kt-adv-heading3_0f6165-ce[data-kb-block=\"kb-adv-heading3_0f6165-ce\"] img.kb-inline-image{width:150px;vertical-align:baseline;}@media all and (max-width: 1024px){.wp-block-kadence-advancedheading.kt-adv-heading3_0f6165-ce, .wp-block-kadence-advancedheading.kt-adv-heading3_0f6165-ce[data-kb-block=\"kb-adv-heading3_0f6165-ce\"]{text-align:center!important;}}@media all and (max-width: 767px){.wp-block-kadence-advancedheading.kt-adv-heading3_0f6165-ce, .wp-block-kadence-advancedheading.kt-adv-heading3_0f6165-ce[data-kb-block=\"kb-adv-heading3_0f6165-ce\"]{font-size:40px;text-align:left!important;}}<\/style>\n<h1 class=\"kt-adv-heading3_0f6165-ce wp-block-kadence-advancedheading has-theme-palette-9-color has-text-color\" data-kb-block=\"kb-adv-heading3_0f6165-ce\">Datenschutzbestimmungen<\/h1>\n\n\n<style>.wp-block-kadence-advancedheading.kt-adv-heading3_2e2a74-42, .wp-block-kadence-advancedheading.kt-adv-heading3_2e2a74-42[data-kb-block=\"kb-adv-heading3_2e2a74-42\"]{font-style:normal;}.wp-block-kadence-advancedheading.kt-adv-heading3_2e2a74-42 mark.kt-highlight, .wp-block-kadence-advancedheading.kt-adv-heading3_2e2a74-42[data-kb-block=\"kb-adv-heading3_2e2a74-42\"] mark.kt-highlight{font-style:normal;color:#f76a0c;-webkit-box-decoration-break:clone;box-decoration-break:clone;padding-top:0px;padding-right:0px;padding-bottom:0px;padding-left:0px;}.wp-block-kadence-advancedheading.kt-adv-heading3_2e2a74-42 img.kb-inline-image, .wp-block-kadence-advancedheading.kt-adv-heading3_2e2a74-42[data-kb-block=\"kb-adv-heading3_2e2a74-42\"] img.kb-inline-image{width:150px;vertical-align:baseline;}@media all and (max-width: 1024px){.wp-block-kadence-advancedheading.kt-adv-heading3_2e2a74-42, .wp-block-kadence-advancedheading.kt-adv-heading3_2e2a74-42[data-kb-block=\"kb-adv-heading3_2e2a74-42\"]{text-align:center!important;}}@media all and (max-width: 767px){.wp-block-kadence-advancedheading.kt-adv-heading3_2e2a74-42, .wp-block-kadence-advancedheading.kt-adv-heading3_2e2a74-42[data-kb-block=\"kb-adv-heading3_2e2a74-42\"]{text-align:left!important;}}<\/style>\n<p class=\"kt-adv-heading3_2e2a74-42 wp-block-kadence-advancedheading has-theme-palette-9-color has-text-color\" data-kb-block=\"kb-adv-heading3_2e2a74-42\">Erfahren Sie, wie die Kargro Group Ihre pers\u00f6nlichen Daten sammelt, verwendet und sch\u00fctzt. Lesen Sie unsere Datenschutzrichtlinien, um Ihre Rechte und unsere Praktiken zu verstehen. <\/p>\n<\/div><\/div>\n\n\n<style>.kadence-column3_e28fa9-5b > .kt-inside-inner-col,.kadence-column3_e28fa9-5b > .kt-inside-inner-col:before{border-top-left-radius:0px;border-top-right-radius:0px;border-bottom-right-radius:0px;border-bottom-left-radius:0px;}.kadence-column3_e28fa9-5b > .kt-inside-inner-col{column-gap:var(--global-kb-gap-sm, 1rem);}.kadence-column3_e28fa9-5b > .kt-inside-inner-col{flex-direction:column;}.kadence-column3_e28fa9-5b > .kt-inside-inner-col > .aligncenter{width:100%;}.kadence-column3_e28fa9-5b > .kt-inside-inner-col:before{opacity:0.3;}.kadence-column3_e28fa9-5b{position:relative;}@media all and (max-width: 1024px){.kadence-column3_e28fa9-5b > .kt-inside-inner-col{flex-direction:column;justify-content:center;}}@media all and (max-width: 767px){.kadence-column3_e28fa9-5b > .kt-inside-inner-col{flex-direction:column;justify-content:center;}}<\/style>\n<div class=\"wp-block-kadence-column kadence-column3_e28fa9-5b kvs-md-false kvs-sm-false inner-column-2\"><div class=\"kt-inside-inner-col\"><\/div><\/div>\n\n<\/div><\/div><style>.kb-row-layout-id3_90563e-8b > .kt-row-column-wrap{align-content:start;}:where(.kb-row-layout-id3_90563e-8b > .kt-row-column-wrap) > .wp-block-kadence-column{justify-content:start;}.kb-row-layout-id3_90563e-8b > .kt-row-column-wrap{column-gap:var(--global-kb-gap-md, 2rem);row-gap:var(--global-kb-gap-md, 2rem);max-width:var( --global-content-width, 1290px );padding-left:var(--global-content-edge-padding);padding-right:var(--global-content-edge-padding);padding-top:var(--global-kb-spacing-lg, 3rem);padding-bottom:var(--global-kb-spacing-sm, 1.5rem);grid-template-columns:minmax(0, 1fr);}.kb-row-layout-id3_90563e-8b > .kt-row-layout-overlay{opacity:0.30;}@media all and (max-width: 1024px){.kb-row-layout-id3_90563e-8b > .kt-row-column-wrap{grid-template-columns:minmax(0, 1fr);}}@media all and (max-width: 767px){.kb-row-layout-id3_90563e-8b > .kt-row-column-wrap{grid-template-columns:minmax(0, 1fr);}}<\/style><div class=\"kb-row-layout-wrap kb-row-layout-id3_90563e-8b alignnone wp-block-kadence-rowlayout\"><div class=\"kt-row-column-wrap kt-has-1-columns kt-row-layout-equal kt-tab-layout-inherit kt-mobile-layout-row kt-row-valign-top kb-theme-content-width\">\n<style>.kadence-column3_b743d0-4c > .kt-inside-inner-col,.kadence-column3_b743d0-4c > .kt-inside-inner-col:before{border-top-left-radius:0px;border-top-right-radius:0px;border-bottom-right-radius:0px;border-bottom-left-radius:0px;}.kadence-column3_b743d0-4c > .kt-inside-inner-col{column-gap:var(--global-kb-gap-sm, 1rem);}.kadence-column3_b743d0-4c > .kt-inside-inner-col{flex-direction:column;}.kadence-column3_b743d0-4c > .kt-inside-inner-col > .aligncenter{width:100%;}.kadence-column3_b743d0-4c > .kt-inside-inner-col:before{opacity:0.3;}.kadence-column3_b743d0-4c{position:relative;}@media all and (max-width: 1024px){.kadence-column3_b743d0-4c > .kt-inside-inner-col{flex-direction:column;justify-content:center;}}@media all and (max-width: 767px){.kadence-column3_b743d0-4c > .kt-inside-inner-col{flex-direction:column;justify-content:center;}}<\/style>\n<div class=\"wp-block-kadence-column kadence-column3_b743d0-4c\"><div class=\"kt-inside-inner-col\">\n<h2 class=\"wp-block-heading\">1. Wer wir sind<\/h2>\n\n\n\n<p>Unsere Website-Adresse lautet: http:\/\/kargrobanden.nl. Die Kargro Group hat es sich zur Aufgabe gemacht, eine Reihe von reifenbezogenen Produkten und Dienstleistungen f\u00fcr Flottenbesitzer<br\/>, Reifenspezialisten und private Autobesitzer anzubieten. Im Mittelpunkt dieser Aufgabe steht unsere Verpflichtung zur Einhaltung der GDPR-Grunds\u00e4tze. Wir sch\u00e4tzen Ihre Daten und verpflichten uns, die Daten, die wir von Ihnen erfassen, transparent zu machen.  <\/p>\n\n\n\n<p><strong>Kargro Groep Holding<br\/><\/strong>Heeswijk 135<br\/>3417 GP Montfoort<br\/>Die Niederlande<br\/>+31 (0) 348 47 18 44<br\/>info@kargro.nl<\/p>\n\n\n\n<h2 class=\"wp-block-heading\">2. Welche Informationen sammeln wir und warum?<\/h2>\n\n\n\n<p>Insgesamt haben wir eine schlanke Website und Sie m\u00fcssen sich nicht bei uns registrieren, um unsere Website zu nutzen. Wenn Sie bereits Kunde sind, haben Sie die M\u00f6glichkeit, auf unsere Plattform zuzugreifen, wof\u00fcr Sie ein Konto ben\u00f6tigen. Nichtsdestotrotz verarbeitet die Kargro Group einige personenbezogene Daten, damit die Website funktioniert und um Ihnen die Website-Dienste anbieten zu k\u00f6nnen (weitere Informationen finden Sie in unseren Nutzungsbedingungen).  <\/p>\n\n\n\n<p>Die personenbezogenen Daten, die wir verarbeiten, und der Zweck\/Verwendung derselben sind folgende<\/p>\n\n\n\n<h3 class=\"wp-block-heading\">2.1 Newsletters<\/h3>\n\n\n\n<p>Wir ben\u00f6tigen Ihre pers\u00f6nlichen Daten, um Ihnen unsere Newsletter zu senden, die auf Ihrer Entscheidung basieren, diese zu abonnieren. Sie haben jederzeit die M\u00f6glichkeit, sich abzumelden und diese Nachrichten nicht mehr von uns zu erhalten. Ben\u00f6tigte Daten:  <\/p>\n\n\n\n<ul class=\"wp-block-list\">\n<li>Land<\/li>\n\n\n\n<li>Name<\/li>\n\n\n\n<li>Name der Organisation<\/li>\n\n\n\n<li>E-Mail Adresse<\/li>\n\n\n\n<li>Rufnummer<\/li>\n\n\n\n<li>IP-Adresse<\/li>\n\n\n\n<li>Einstellung der Sprache<\/li>\n<\/ul>\n\n\n\n<h3 class=\"wp-block-heading\">2.2 Ressourcen<\/h3>\n\n\n\n<p>Wir verwenden Ihre pers\u00f6nlichen Daten, um Ihnen die Ressource, f\u00fcr die Sie sich interessieren, per E-Mail zu schicken. Da wir sehen, dass Sie Interesse an uns haben, verarbeiten wir Ihre pers\u00f6nlichen Daten weiter, um Ihnen ein einmaliges Angebot f\u00fcr ein kostenloses Webinar zu machen. Ben\u00f6tigte Daten:  <\/p>\n\n\n\n<ul class=\"wp-block-list\">\n<li>Name<\/li>\n\n\n\n<li>Name der Organisation<\/li>\n\n\n\n<li>Rufnummer(n)<\/li>\n<\/ul>\n\n\n\n<h3 class=\"wp-block-heading\">2.3 Kontaktformulare<\/h3>\n\n\n\n<p>Wir verwenden Ihre pers\u00f6nlichen Daten, um Live-Chat-Anfragen zu erleichtern und Ihnen \u00fcber unser Chat-Widget auf der Website Unterst\u00fctzung zu bieten. Ben\u00f6tigte Daten: <\/p>\n\n\n\n<ul class=\"wp-block-list\">\n<li>Name<\/li>\n\n\n\n<li>Name der Organisation<\/li>\n\n\n\n<li>Rufnummer(n)<\/li>\n<\/ul>\n\n\n\n<p>Andere Zwecke, f\u00fcr die wir Ihre pers\u00f6nlichen Daten verarbeiten k\u00f6nnen, sind die folgenden:<\/p>\n\n\n\n<ul class=\"wp-block-list\">\n<li>Weiterverfolgung von rechtlichen Anfragen zu Missbrauchsberichten und NTD-Berichten;<\/li>\n\n\n\n<li>Soweit dies erforderlich ist, um die Kargro Gruppe in Gerichtsverfahren zu verteidigen, die mit Ihrer Nutzung der Kargro Gruppe in Zusammenhang stehen oder daraus resultieren, um einer gerichtlichen Anordnung nachzukommen, um Gesetze, Vorschriften oder beh\u00f6rdliche Anordnungen zu befolgen, um mit den Strafverfolgungsbeh\u00f6rden zusammenzuarbeiten, um die nationale Sicherheit, die Verteidigung, die \u00f6ffentliche Sicherheit und die \u00f6ffentliche Gesundheit zu sch\u00fctzen und um unsere Nutzungsbedingungen einzuhalten;<\/li>\n<\/ul>\n\n\n\n<p>Um Ihre Benutzererfahrung zu verbessern und die Effektivit\u00e4t unserer Website und der Website-Dienste zu messen, verwenden wir Cookies, die auch pers\u00f6nliche Daten von Ihnen erfassen. Mehr dazu erfahren Sie im Abschnitt Cookies weiter unten. <\/p>\n\n\n\n<h2 class=\"wp-block-heading\">3. Was ist unsere Rechtsgrundlage f\u00fcr die Verarbeitung Ihrer personenbezogenen Daten?<\/h2>\n\n\n\n<h3 class=\"wp-block-heading\">3.1 Live-Chat, Treffen buchen, Ressourcen und Kontaktformulare<\/h3>\n\n\n\n<p>Diese Verarbeitungen sind f\u00fcr die Erf\u00fcllung eines Vertrages erforderlich, in diesem Fall f\u00fcr die Website-Dienste, die wir \u00fcber unsere Website anbieten, sowie f\u00fcr die dazugeh\u00f6rigen Nutzungsbedingungen.<\/p>\n\n\n\n<h3 class=\"wp-block-heading\">3.2 Newsletters<\/h3>\n\n\n\n<p>Wir wenden uns nur an Sie, wenn Sie uns Ihr Einverst\u00e4ndnis zum Versand von Newslettern gegeben haben, indem Sie diese \u00fcber unsere Website abonniert haben. Wenn Sie unser bestehender Kunde\/Partner sind, verarbeiten wir Ihre personenbezogenen Daten f\u00fcr die Zusendung von Newslettern im Rahmen unseres Vertrags mit Ihnen, wobei die Rechtsgrundlage in diesem Fall die Vertragserf\u00fcllung ist. <\/p>\n\n\n\n<h3 class=\"wp-block-heading\">3.3 Ressourcen<\/h3>\n\n\n\n<p>Diese Verarbeitung liegt in unserem berechtigten Interesse, das in diesem Fall darin besteht, Ihnen die Kargro Gruppe n\u00e4her zu bringen, da Sie sich durch Ihr Engagement auf unserer Website offensichtlich f\u00fcr uns interessieren. Um die Auswirkungen auf Ihre Grundrechte zu begrenzen, beschr\u00e4nken wir diese Verarbeitung auf einen einmaligen Vorgang. <\/p>\n\n\n\n<h3 class=\"wp-block-heading\">3.4 Rechtliche Anfragen \/ nTD Berichte \/ Rechtliche Verfahren<\/h3>\n\n\n\n<p>Um unseren rechtlichen Verpflichtungen nachzukommen. Im Falle eines Versto\u00dfes, einer mutma\u00dflichen rechtswidrigen Handlung oder wenn wir unsere Bedingungen einhalten m\u00fcssen, m\u00fcssen wir in der Lage sein, (einige) Ihrer pers\u00f6nlichen Daten zu suchen oder weiterzugeben. <\/p>\n\n\n\n<h3 class=\"wp-block-heading\">3.5 Kekse<\/h3>\n\n\n\n<p>Bitte lesen Sie den Abschnitt \u00fcber Cookies weiter unten.<\/p>\n\n\n\n<h2 class=\"wp-block-heading\">4. Welche Cookies verwenden wir?<\/h2>\n\n\n\n<p>Wie viele andere Dienste verwenden wir Cookies, Pixel und \u00e4hnliche Technologien, um uns Dinge \u00fcber Sie zu merken, damit wir Ihnen ein besseres und effizienteres Erlebnis bieten k\u00f6nnen. Dies hilft uns zu verstehen, wie Sie unsere Dienste nutzen, damit wir sie verbessern k\u00f6nnen. Cookies sind kleine Datendateien, die auf Ihrem Browser oder Ger\u00e4t gespeichert werden, wenn Sie auf unsere Website zugreifen. Pixels sind kleine Bilder auf einer Webseite oder in einer E-Mail. Die folgende Tabelle erkl\u00e4rt, welche Technologie wir verwenden und warum.    <\/p>\n\n\n\n<h3 class=\"wp-block-heading\">4.1 Streng notwendig<\/h3>\n\n\n\n<p>Zweck: Wir verwenden diese Cookies, um sicherzustellen, dass wir Ihnen unsere Website anbieten k\u00f6nnen. Diese<br\/>Cookies werden jedes Mal verwendet, wenn Sie auf unsere Website zugreifen. Sie sind insbesondere notwendig, um:  <\/p>\n\n\n\n<ul class=\"wp-block-list\">\n<li>Aktivieren Sie grundlegende Funktionen wie die Seitennavigation und den Zugriff auf sichere Bereiche der Website<br\/>;<\/li>\n\n\n\n<li>Wir verwenden Ihre Browserinformationen, um die optimale Website f\u00fcr Ihre Bildschirmeinstellungen<br\/>bereitzustellen;<\/li>\n\n\n\n<li>Identifizieren Sie vertrauensw\u00fcrdigen Webverkehr.<br\/>Rechtsgrundlage: Diese Cookies sind f\u00fcr die Nutzung der Website erforderlich und fallen unter<br\/>die allgemeine Ausnahme von der Einwilligung gem\u00e4\u00df der ePrivacy-Richtlinie. Wir st\u00fctzen uns auf das legitime Interesse<br\/>als Rechtsgrundlage f\u00fcr die Verarbeitung personenbezogener Daten im Zusammenhang mit diesen Cookies. <\/li>\n<\/ul>\n\n\n\n<h3 class=\"wp-block-heading\">4.2 Funktional<\/h3>\n\n\n\n<p>Zweck: Wir verwenden diese Cookies, um sicherzustellen, dass alle Funktionen der Website optimal funktionieren, um die Benutzererfahrung zu verbessern. Sie sind insbesondere notwendig, um: <\/p>\n\n\n\n<ul class=\"wp-block-list\">\n<li>Bieten Sie die Website in der richtigen Sprache an, abh\u00e4ngig von Ihrem Standort;<\/li>\n\n\n\n<li>Ihnen weitere Funktionen wie eingebettete Videos anbieten.<\/li>\n<\/ul>\n\n\n\n<p>Rechtsgrundlage: Wir verlassen uns dabei auf Ihre Zustimmung. Sie k\u00f6nnen diese Cookies ganz einfach entfernen, indem Sie Ihren Browser l\u00f6schen, oder \u00fcber http:\/\/www.youronlinechoices.eu. <\/p>\n\n\n\n<h3 class=\"wp-block-heading\">4.3 Analytisch<\/h3>\n\n\n\n<p>Zweck: Wir verwenden Cookies, um die Nutzung und Effektivit\u00e4t unserer Website zu analysieren und zu messen, und um die Effektivit\u00e4t unserer Werbekampagnen auf Plattformen Dritter zu verfolgen. Wir verwenden auch analytische Cookies, um Bots und b\u00f6sartiges Verhalten wie Spam zu verhindern. Wenn wir analytische Cookies verwenden, kann dies auch Cookies von Drittanbietern umfassen, wie in der Cookie-Liste aufgef\u00fchrt. Diese analytischen Cookies von Drittanbietern verarbeiten pers\u00f6nliche Daten, die ebenfalls in der Cookie-Liste aufgef\u00fchrt sind. Dies hilft uns dabei:    <\/p>\n\n\n\n<ul class=\"wp-block-list\">\n<li>Messen Sie unsere Website-Besuche;<\/li>\n\n\n\n<li>Messen Sie die Zeit, die ein Besucher auf unseren Seiten verbringt;<\/li>\n\n\n\n<li>Messen Sie, welche Elemente unserer Website h\u00e4ufig besucht werden;<\/li>\n\n\n\n<li>unsere Website benutzerfreundlicher zu gestalten; und<\/li>\n\n\n\n<li>Verfolgen Sie die Wirksamkeit unserer Werbung, Angebote und Kampagnen.<\/li>\n\n\n\n<li>Messen Sie, inwieweit E-Mails, wie z.B. Newsletter, ge\u00f6ffnet werden.<\/li>\n<\/ul>\n\n\n\n<p>Rechtsgrundlage: Wir verlassen uns dabei auf Ihre Zustimmung. Sie k\u00f6nnen diese Cookies entfernen, indem Sie Ihren Browser l\u00f6schen, oder \u00fcber http:\/\/www.youronlinechoices.eu\/ <\/p>\n\n\n\n<h3 class=\"wp-block-heading\">4.4 Werbung<\/h3>\n\n\n\n<p>Zweck: Diese Cookies werden f\u00fcr kommerzielle, redaktionelle und werbliche Zwecke verwendet.<br\/>Sie erm\u00f6glichen es, Ihr Verhalten \u00fcber verschiedene Domains und Websites hinweg zu verfolgen, um<br\/>ma\u00dfgeschneiderte Inhaltsanzeigen anzuzeigen, die auf Ihren Interessen und Vorlieben basieren:<\/p>\n\n\n\n<ul class=\"wp-block-list\">\n<li>Um Ihre Website-Besuche zu messen und Ihre Interessen zu erfassen;<\/li>\n\n\n\n<li>Zur Weitergabe des Browserverlaufs auf unserer Website an unsere ausgew\u00e4hlten Partner;<\/li>\n\n\n\n<li>Zur Nutzung von Diensten Dritter, um relevante Werbung anzuzeigen; und<\/li>\n\n\n\n<li>Um Ihnen mehr Informationen \u00fcber die Produkte zu geben, f\u00fcr die Sie sich zuvor auf<br\/>interessiert haben.<\/li>\n<\/ul>\n\n\n\n<p>Werbe-Cookies werden oft von Dritten gesetzt. Kargro Group hat keinen Zugang zu oder Kontrolle \u00fcber pers\u00f6nliche Daten, die \u00fcber diese Cookies oder \u00e4hnliche Technologien gesammelt werden, die Werbetreibende und Dritte m\u00f6glicherweise verwenden. Wo immer m\u00f6glich, haben wir versucht, Ihnen so viele Informationen wie m\u00f6glich zur Verf\u00fcgung zu stellen; wir verweisen Sie jedoch auf die Datenschutzerkl\u00e4rung dieser Dritten, um zu erfahren, wie sie mit pers\u00f6nlichen Daten umgehen.    <\/p>\n\n\n\n<p>Rechtsgrundlage: Wir verlassen uns dabei auf Ihre Zustimmung. Sie k\u00f6nnen diese Cookies entfernen, indem Sie Ihren Browser l\u00f6schen, oder \u00fcber http:\/\/www.youronlinechoices.eu <\/p>\n\n\n\n<h2 class=\"wp-block-heading\">5. Wie lange werden Ihre Daten gespeichert?<\/h2>\n\n\n\n<p>Kargro Group speichert Ihre Daten so lange, wie es f\u00fcr den Zweck, f\u00fcr den sie bereitgestellt wurden, erforderlich ist. Wir \u00fcberpr\u00fcfen regelm\u00e4\u00dfig unsere Systeme, um festzustellen, ob Ihre pers\u00f6nlichen Daten f\u00fcr die Zwecke, f\u00fcr die sie bereitgestellt wurden, noch erforderlich sind. Wir sorgen daf\u00fcr, dass alles, was Sie uns \u00fcber unsere Website schicken, sicher ist. Unsere Website wird auf einem Server gehostet, der sich in der EU befindet. Kargro Group ergreift angemessene technische und organisatorische Ma\u00dfnahmen, um Ihre pers\u00f6nlichen Daten vor Verlust, Diebstahl oder anderen Formen des unbefugten Zugriffs\/der unbefugten Nutzung zu sch\u00fctzen. Wir stellen sicher, dass personenbezogene Daten nur denjenigen zug\u00e4nglich sind, die den Zugang ben\u00f6tigen, um ihre Arbeit zu erledigen, und die entsprechend geschult und autorisiert sind. Wir stellen auch sicher, dass unsere Partner \u00e4hnliche organisatorische und technische Ma\u00dfnahmen ergriffen haben, um Ihre Daten vor Diebstahl, Verlust oder jeder Art von Nutzung zu sch\u00fctzen, die nicht dem Zweck entspricht, f\u00fcr den die Daten erhoben wurden.      <\/p>\n\n\n\n<h2 class=\"wp-block-heading\">6. Wie k\u00f6nnen Sie Ihre Rechte als Betroffener aus\u00fcben?<\/h2>\n\n\n\n<p>Wenn Sie weitere Fragen zu dieser Datenschutzerkl\u00e4rung haben oder von Ihrem Recht Gebrauch machen m\u00f6chten, der Verarbeitung Ihrer personenbezogenen Daten zu widersprechen (z. B. L\u00f6schung, \u00c4nderung und Zugang\/Portabilit\u00e4t), Ihre vorherige Zustimmung zur\u00fcckziehen m\u00f6chten oder andere Anliegen haben, senden Sie bitte eine E-Mail an info@kargro.nl. Wenn Sie auf Ihre Daten, die \u00fcber diese Website verarbeitet werden, zugreifen m\u00f6chten, k\u00f6nnen Sie eine Anfrage per E-Mail an info@bandenplan.nl senden. Um Ihre Identit\u00e4t zu \u00fcberpr\u00fcfen, bitten wir Sie, Ihrer Anfrage eine Fotokopie Ihres Ausweises beizuf\u00fcgen. Bitte achten Sie darauf, dass Sie Ihr Foto und Ihre Sozialversicherungsnummer schw\u00e4rzen. Wir werden Ihre Anfrage so schnell wie m\u00f6glich bearbeiten, h\u00f6chstens jedoch innerhalb von vier Wochen.    <\/p>\n\n\n\n<p>Bitte lesen Sie die nachstehenden Datenschutzrichtlinien der Drittanbieter, deren Cookies\/Z\u00e4hlpixel wir verwenden, um mehr \u00fcber deren Verfahren zur Verarbeitung personenbezogener Daten zu erfahren und zu verstehen, sowie deren Anleitung zum Entfernen ihrer Cookies.<\/p>\n\n\n\n<h2 class=\"wp-block-heading\">7. Wo k\u00f6nnen Sie die Datenschutzerkl\u00e4rungen von Dritten finden, die wir nutzen?<\/h2>\n\n\n\n<ul class=\"wp-block-list\">\n<li>Google<br\/>https:\/\/policies.google.com\/privacy?hl=en<\/li>\n\n\n\n<li>Google Analytics<br\/>https:\/\/support.google.com\/analytics\/topic\/2919631?hl=en&amp;ref_topic=1008008<\/li>\n\n\n\n<li>LinkedIn<br\/>https:\/\/www.linkedin.com\/legal\/cookie-policy<\/li>\n\n\n\n<li>Vimeo<br\/>https:\/\/vimeo.com\/cookie_policu<\/li>\n<\/ul>\n<\/div><\/div>\n\n<\/div><\/div>","protected":false},"excerpt":{"rendered":"<p>Datenschutzbestimmungen Erfahren Sie, wie die Kargro Group Ihre pers\u00f6nlichen Daten sammelt, verwendet und sch\u00fctzt. Lesen Sie unsere Datenschutzrichtlinien, um Ihre Rechte und unsere Praktiken zu verstehen. 1. Wer wir sind Unsere Website-Adresse lautet: http:\/\/kargrobanden.nl. Die Kargro Group hat es sich zur Aufgabe gemacht, eine Reihe von reifenbezogenen Produkten und Dienstleistungen f\u00fcr Flottenbesitzer, Reifenspezialisten und private&#8230;<\/p>\n","protected":false},"author":1,"featured_media":0,"parent":0,"menu_order":0,"comment_status":"closed","ping_status":"closed","template":"","meta":{"_kad_blocks_custom_css":"","_kad_blocks_head_custom_js":"","_kad_blocks_body_custom_js":"","_kad_blocks_footer_custom_js":"","_kadence_starter_templates_imported_post":false,"_kad_post_transparent":"","_kad_post_title":"","_kad_post_layout":"","_kad_post_sidebar_id":"","_kad_post_content_style":"","_kad_post_vertical_padding":"","_kad_post_feature":"","_kad_post_feature_position":"","_kad_post_header":false,"_kad_post_footer":false,"_kad_post_classname":"","footnotes":""},"class_list":["post-4194","page","type-page","status-publish","hentry"],"taxonomy_info":[],"featured_image_src_large":false,"author_info":{"display_name":"Lintire","author_link":"https:\/\/kargrobanden.nl\/de\/author\/kargrogroupjohannesvanurk-com\/"},"comment_info":0,"_links":{"self":[{"href":"https:\/\/kargrobanden.nl\/de\/wp-json\/wp\/v2\/pages\/4194","targetHints":{"allow":["GET"]}}],"collection":[{"href":"https:\/\/kargrobanden.nl\/de\/wp-json\/wp\/v2\/pages"}],"about":[{"href":"https:\/\/kargrobanden.nl\/de\/wp-json\/wp\/v2\/types\/page"}],"author":[{"embeddable":true,"href":"https:\/\/kargrobanden.nl\/de\/wp-json\/wp\/v2\/users\/1"}],"replies":[{"embeddable":true,"href":"https:\/\/kargrobanden.nl\/de\/wp-json\/wp\/v2\/comments?post=4194"}],"version-history":[{"count":1,"href":"https:\/\/kargrobanden.nl\/de\/wp-json\/wp\/v2\/pages\/4194\/revisions"}],"predecessor-version":[{"id":4195,"href":"https:\/\/kargrobanden.nl\/de\/wp-json\/wp\/v2\/pages\/4194\/revisions\/4195"}],"wp:attachment":[{"href":"https:\/\/kargrobanden.nl\/de\/wp-json\/wp\/v2\/media?parent=4194"}],"curies":[{"name":"wp","href":"https:\/\/api.w.org\/{rel}","templated":true}]}}